{"id":1546,"date":"2014-10-08T13:39:25","date_gmt":"2014-10-08T13:39:25","guid":{"rendered":"http:\/\/zephyr.us-themes.com\/"},"modified":"2020-11-29T04:18:24","modified_gmt":"2020-11-29T04:18:24","slug":"home","status":"publish","type":"page","link":"https:\/\/orusecuador.com\/","title":{"rendered":"ORUS CONTABILIDAD"},"content":{"rendered":"<section class=\"l-section wpb_row height_auto width_full color_custom\" style=\"background-color: #212121;\"><div class=\"l-section-h g-html i-cf\"><div class=\"g-cols offset_medium\"><div class=\" full-width\">[rev_slider_vc alias=&#8221;zephyr-main&#8221;]<\/div><\/div><\/div><\/section><section class=\"l-section wpb_row height_full\" id=\"start\"><div class=\"l-section-h g-html i-cf\"><div class=\"g-cols offset_medium\"><div class=\" full-width\"><div class=\"wpb_text_column \"><div class=\"wpb_wrapper\">\n<h1 style=\"text-align: center;\">NOSOTROS<\/h1>\n<\/div> <\/div> <div class=\"wpb_text_column  vc_custom_1606015215272\"><div class=\"wpb_wrapper\">\n<p style=\"text-align: center;\">ORUS GESTI\u00d3N FINANCIERA Y ADMINISTRATIVA, es una empresa que nace con el compromiso de guiar a todas aquellas personas que inician un negocio o empresa y tienen la necesidad de cumplir con todas las leyes, normas y reglamentos establecidos para operar en forma activa y segura, de igual manera con todas aquellas que llevan tiempo en el mercado, sin encontrar soluci\u00f3n a sus problemas organizacionales, fiscales, contables e inform\u00e1ticos.<\/p>\n<\/div> <\/div> <div class=\"g-cols wpb_row offset_medium vc_inner \"><div class=\" one-third animate_afc\"><div class=\"w-iconbox iconpos_top size_medium style_circle color_primary\"><a class=\"w-iconbox-link\" href=\"#portfolio\"><div class=\"w-iconbox-icon\"><i class=\"mdfi_action_star_rate\"><\/i><\/div><h4 class=\"w-iconbox-title\">MISI\u00d3N<\/h4><\/a><div class=\"w-iconbox-text\">Trabajar en el mejoramiento continuo de la gesti\u00f3n de las organizaciones, brindando un servicio eficaz para el logro de sus objetivos.<\/div><\/div><\/div><div class=\" one-third animate_afc d1\"><div class=\"w-iconbox iconpos_top size_medium style_circle color_primary\"><a class=\"w-iconbox-link\" href=\"#simple\"><div class=\"w-iconbox-icon\"><i class=\"mdfi_action_visibility\"><\/i><\/div><h4 class=\"w-iconbox-title\">VISI\u00d3N<\/h4><\/a><div class=\"w-iconbox-text\">Consolidarnos a mediano plazo en el mercado, y destacarnos como la consultora que es un apoyo para sus clientes.<\/div><\/div><\/div><div class=\" one-third animate_afc d2\"><div class=\"w-iconbox iconpos_top size_medium style_circle color_primary\"><a class=\"w-iconbox-link\" href=\"#counters\"><div class=\"w-iconbox-icon\"><i class=\"mdfi_action_trending_up\"><\/i><\/div><h4 class=\"w-iconbox-title\">OBJETIVO<\/h4><\/a><div class=\"w-iconbox-text\">Poner a su disposici\u00f3n la informaci\u00f3n necesaria y precisa para que usted pueda tomar las mejores decisiones financieras y organizacionales en beneficio de su empresa.<\/div><\/div><\/div><\/div><\/div><\/div><\/div><\/section><section class=\"l-section wpb_row height_auto color_alternate with_img parallax_ver with_overlay\" id=\"servicios\"><div class=\"l-section-img\" style=\"background-image: url(https:\/\/orusecuador.com\/wp-content\/uploads\/2020\/11\/services-bg.jpg);\"><\/div><div class=\"l-section-overlay\" style=\"background-color: rgba(255,255,255,0.92)\"><\/div><div class=\"l-section-h g-html i-cf\"><div class=\"g-cols offset_medium\"><div class=\" full-width animate_afb\"><div class=\"g-cols wpb_row offset_medium vc_inner \"><div class=\" full-width\"><div class=\"wpb_text_column \"><div class=\"wpb_wrapper\">\n<h2 style=\"text-align: center;\">NUESTROS SERVICIOS<\/h2>\n<\/div> <\/div> <\/div><\/div><div class=\"g-cols wpb_row offset_medium vc_inner \"><div class=\" one-third\"><div class=\"w-image  align_center animate_afl\"><img width=\"450\" height=\"301\" src=\"https:\/\/orusecuador.com\/wp-content\/uploads\/2020\/11\/DERECHO-TRIBUTARIO-4.jpg\" class=\"attachment-large size-large\" alt=\"\" loading=\"lazy\" srcset=\"https:\/\/orusecuador.com\/wp-content\/uploads\/2020\/11\/DERECHO-TRIBUTARIO-4.jpg 450w, https:\/\/orusecuador.com\/wp-content\/uploads\/2020\/11\/DERECHO-TRIBUTARIO-4-300x201.jpg 300w\" sizes=\"(max-width: 450px) 100vw, 450px\" \/><\/div><div class=\"w-iconbox iconpos_top size_medium style_default color_contrast\"><div class=\"w-iconbox-icon\"><\/div><h4 class=\"w-iconbox-title\">ASESOR\u00cdA FINANCIERA Y CONTABLE<\/h4><div class=\"w-iconbox-text\">Asesoramiento Financiero y Contable:<br \/>\nregistros contables razonables, bajo Niif para pymes, laboracion de balances, an\u00e1lisis financiero detallado y acorde a las necesidades de forma que permitan tomar decisiones a tiempo y maximizar la rentabilidad, control de inventarios, an\u00e1lisis para optimizaci\u00f3n de recursos.<\/div><\/div><\/div><div class=\" one-third animate_afr\"><div class=\"w-image  align_center animate_afl\"><img width=\"450\" height=\"301\" src=\"https:\/\/orusecuador.com\/wp-content\/uploads\/2020\/11\/DERECHO-TRIBUTARIO-1.jpg\" class=\"attachment-large size-large\" alt=\"\" loading=\"lazy\" srcset=\"https:\/\/orusecuador.com\/wp-content\/uploads\/2020\/11\/DERECHO-TRIBUTARIO-1.jpg 450w, https:\/\/orusecuador.com\/wp-content\/uploads\/2020\/11\/DERECHO-TRIBUTARIO-1-300x201.jpg 300w\" sizes=\"(max-width: 450px) 100vw, 450px\" \/><\/div><div class=\"w-iconbox iconpos_top size_medium style_default color_contrast\"><div class=\"w-iconbox-icon\"><\/div><h4 class=\"w-iconbox-title\">ASESOR\u00cdA TRIBUTARIA<\/h4><div class=\"w-iconbox-text\">Determinaci\u00f3n de valores a declarar, declaraciones de impuestos IVA y Renta, declaraci\u00f3n de anexos, recuperaci\u00f3n de cr\u00e9dito tributario, nuestro valor agregado consiste en brindar un asesoramiento correcto y a tiempo para evitar pagos de impuestos excesivos aprovechando los beneficios tributarios que existen<\/div><\/div><\/div><div class=\" one-third\"><div class=\"w-image  align_center animate_afl\"><img width=\"450\" height=\"301\" src=\"https:\/\/orusecuador.com\/wp-content\/uploads\/2020\/11\/DERECHO-TRIBUTARIO-3.jpg\" class=\"attachment-large size-large\" alt=\"\" loading=\"lazy\" srcset=\"https:\/\/orusecuador.com\/wp-content\/uploads\/2020\/11\/DERECHO-TRIBUTARIO-3.jpg 450w, https:\/\/orusecuador.com\/wp-content\/uploads\/2020\/11\/DERECHO-TRIBUTARIO-3-300x201.jpg 300w\" sizes=\"(max-width: 450px) 100vw, 450px\" \/><\/div><div class=\"w-iconbox iconpos_top size_medium style_default color_contrast\"><div class=\"w-iconbox-icon\"><\/div><h4 class=\"w-iconbox-title\">ASESOR\u00cdA EN TALENTO HUMANO<\/h4><div class=\"w-iconbox-text\">Avisos de entrada, novedades y salidas del IESS, elaboraci\u00f3n de roles de pagos, registros relacionados con el Ministerio de Trabajo, evaluaciones de clima laboral.<\/div><\/div><\/div><\/div><div class=\"g-cols wpb_row offset_medium vc_inner \"><div class=\" one-third\"><div class=\"w-image  align_center animate_afl\"><img width=\"450\" height=\"301\" src=\"https:\/\/orusecuador.com\/wp-content\/uploads\/2020\/11\/DERECHO-TRIBUTARIO-5.jpg\" class=\"attachment-large size-large\" alt=\"\" loading=\"lazy\" srcset=\"https:\/\/orusecuador.com\/wp-content\/uploads\/2020\/11\/DERECHO-TRIBUTARIO-5.jpg 450w, https:\/\/orusecuador.com\/wp-content\/uploads\/2020\/11\/DERECHO-TRIBUTARIO-5-300x201.jpg 300w\" sizes=\"(max-width: 450px) 100vw, 450px\" \/><\/div><div class=\"w-iconbox iconpos_top size_medium style_default color_contrast\"><div class=\"w-iconbox-icon\"><\/div><h4 class=\"w-iconbox-title\">ASESOR\u00cdA EN LA GESTI\u00d3N Y CONTROL DE INVENTARIOS<\/h4><div class=\"w-iconbox-text\">Dise\u00f1os de sistemas de control de inventarios de acuerdo a su actividad.<\/div><\/div><\/div><div class=\" one-third animate_afr\"><div class=\"w-image  align_center animate_afl\"><img width=\"450\" height=\"301\" src=\"https:\/\/orusecuador.com\/wp-content\/uploads\/2020\/11\/DERECHO-TRIBUTARIO-6.jpg\" class=\"attachment-large size-large\" alt=\"\" loading=\"lazy\" srcset=\"https:\/\/orusecuador.com\/wp-content\/uploads\/2020\/11\/DERECHO-TRIBUTARIO-6.jpg 450w, https:\/\/orusecuador.com\/wp-content\/uploads\/2020\/11\/DERECHO-TRIBUTARIO-6-300x201.jpg 300w\" sizes=\"(max-width: 450px) 100vw, 450px\" \/><\/div><div class=\"w-iconbox iconpos_top size_medium style_default color_contrast\"><div class=\"w-iconbox-icon\"><\/div><h4 class=\"w-iconbox-title\">PROCESOS PARA CONTROL Y ADMINISTRACI\u00d3N DE RECURSOS EN GENERAL<\/h4><div class=\"w-iconbox-text\">Auditor\u00edas de gesti\u00f3n integral, elaboraci\u00f3n de manuales de procesos, calificaciones para proveedores con SGS, L\u00f3gica y dem\u00e1s empresas.<\/div><\/div><\/div><div class=\" one-third\"><div class=\"w-image  align_center animate_afl\"><img width=\"450\" height=\"301\" src=\"https:\/\/orusecuador.com\/wp-content\/uploads\/2020\/11\/DERECHO-TRIBUTARIO-7.jpg\" class=\"attachment-large size-large\" alt=\"\" loading=\"lazy\" srcset=\"https:\/\/orusecuador.com\/wp-content\/uploads\/2020\/11\/DERECHO-TRIBUTARIO-7.jpg 450w, https:\/\/orusecuador.com\/wp-content\/uploads\/2020\/11\/DERECHO-TRIBUTARIO-7-300x201.jpg 300w\" sizes=\"(max-width: 450px) 100vw, 450px\" \/><\/div><div class=\"w-iconbox iconpos_top size_medium style_default color_contrast\"><div class=\"w-iconbox-icon\"><\/div><h4 class=\"w-iconbox-title\">TECNOLOG\u00cdA DE LA INFORMACI\u00d3N<\/h4><div class=\"w-iconbox-text\">Contamos con software con licencia, que permite un mejor control de todas las operaciones de la empresa, adaptable a su necesidad.<\/div><\/div><\/div><\/div><\/div><\/div><\/div><\/section><section class=\"l-section wpb_row height_medium width_full\"><div class=\"l-section-h g-html i-cf\"><div class=\"g-cols offset_medium\"><div class=\" full-width\"><div class=\"wpb_text_column \"><div class=\"wpb_wrapper\">\n<h2 style=\"text-align: center;\">NUESTROS CLIENTES<\/h2>\n<\/div> <\/div> <div class=\"w-logos type_carousel style_1 nav_none\"><div class=\"w-logos-list\" data-items=\"4\" data-autoplay=\"0\" data-timeout=\"3000\" data-nav=\"0\"><div class=\"w-logos-item\"><span class=\"w-logos-item-h\"><img src=\"https:\/\/orusecuador.com\/wp-content\/uploads\/2020\/11\/logo-600x600.jpg\" width=\"600\" height=\"600\" alt=\"\"><\/span><\/div><div class=\"w-logos-item\"><span class=\"w-logos-item-h\"><img src=\"https:\/\/orusecuador.com\/wp-content\/uploads\/2020\/11\/Recurso-1.png\" width=\"213\" height=\"239\" alt=\"\"><\/span><\/div><div class=\"w-logos-item\"><span class=\"w-logos-item-h\"><img src=\"https:\/\/orusecuador.com\/wp-content\/uploads\/2020\/11\/WhatsApp-Image-2020-11-28-at-21.23.46-600x601.jpeg\" width=\"600\" height=\"601\" alt=\"\"><\/span><\/div><div class=\"w-logos-item\"><span class=\"w-logos-item-h\"><img src=\"https:\/\/orusecuador.com\/wp-content\/uploads\/2020\/11\/WhatsApp-Image-2020-11-28-at-20.jpg\" width=\"400\" height=\"400\" alt=\"\"><\/span><\/div><div class=\"w-logos-item\"><a class=\"w-logos-item-h\" href=\"#\"><img src=\"https:\/\/orusecuador.com\/wp-content\/uploads\/2013\/06\/WhatsApp-Image-2020-11-28-at-20-600x600.jpg\" width=\"600\" height=\"600\" alt=\"\"><\/a><\/div><div class=\"w-logos-item\"><a class=\"w-logos-item-h\" href=\"#\"><img src=\"https:\/\/orusecuador.com\/wp-content\/uploads\/2013\/06\/WhatsApp-Image-2020-11-28-at-20-1-600x600.jpg\" width=\"600\" height=\"600\" alt=\"\"><\/a><\/div><\/div><\/div><\/div><\/div><\/div><\/section><section class=\"l-section wpb_row height_medium color_primary\"><div class=\"l-section-h g-html i-cf\"><div class=\"g-cols offset_medium\"><div class=\" full-width animate_afb\"><div class=\"w-actionbox color_primary controls_right\"><div class=\"w-actionbox-text\"><h2>ESC\u00cdBENOS!  ESTAREMOS PRONTO A RESPONDER TODAS SUS INQUIETUDES.<\/h2><\/div><div class=\"w-actionbox-controls\"><a class=\"w-btn color_white style_raised size_large icon_none\" href=\"https:\/\/tawk.to\/chat\/5fc300d7a1d54c18d8ee71df\/1eo8rphr1\"><span class=\"w-btn-label\">ESCR\u00cdBENOS<\/span><\/a><\/div><\/div><\/div><\/div><\/div><\/section>\n","protected":false},"excerpt":{"rendered":"","protected":false},"author":1,"featured_media":0,"parent":0,"menu_order":0,"comment_status":"open","ping_status":"closed","template":"","meta":[],"_links":{"self":[{"href":"https:\/\/orusecuador.com\/index.php\/wp-json\/wp\/v2\/pages\/1546"}],"collection":[{"href":"https:\/\/orusecuador.com\/index.php\/wp-json\/wp\/v2\/pages"}],"about":[{"href":"https:\/\/orusecuador.com\/index.php\/wp-json\/wp\/v2\/types\/page"}],"author":[{"embeddable":true,"href":"https:\/\/orusecuador.com\/index.php\/wp-json\/wp\/v2\/users\/1"}],"replies":[{"embeddable":true,"href":"https:\/\/orusecuador.com\/index.php\/wp-json\/wp\/v2\/comments?post=1546"}],"version-history":[{"count":16,"href":"https:\/\/orusecuador.com\/index.php\/wp-json\/wp\/v2\/pages\/1546\/revisions"}],"predecessor-version":[{"id":5320,"href":"https:\/\/orusecuador.com\/index.php\/wp-json\/wp\/v2\/pages\/1546\/revisions\/5320"}],"wp:attachment":[{"href":"https:\/\/orusecuador.com\/index.php\/wp-json\/wp\/v2\/media?parent=1546"}],"curies":[{"name":"wp","href":"https:\/\/api.w.org\/{rel}","templated":true}]}}